{"id":18,"date":"2020-01-21T10:35:22","date_gmt":"2020-01-21T10:35:22","guid":{"rendered":"https:\/\/bbq-wyler.ch\/?page_id=18"},"modified":"2022-11-25T19:29:16","modified_gmt":"2022-11-25T19:29:16","slug":"ueber-uns","status":"publish","type":"page","link":"https:\/\/bbq-wyler.ch\/","title":{"rendered":"Low &#038; Slow"},"content":{"rendered":"\n<h2 class=\"wp-block-heading\">Low &amp; Slow<\/h2>\n\n\n\n<p>Low &amp; Slow heisst das Geheimnis hinter dem originalen Texas BBQ. Zur Zeit der Sklaverei in Amerika konnten&nbsp;die Sklaven und Unterschichtb\u00fcrger sich nichts leisten. Doch auch sie hatten das Bed\u00fcrfnis spezielle Anl\u00e4sse mit einem kulinarischen H\u00f6hepunkt zu umrahmen. So begann die Smokertradition, indem sie das billigste Fleisch in selbst gebauten Smokern aus Lehm zu einem zarten und hochwertigen Produkt verarbeiteten.<\/p>\n\n\n\n<p>Fasziniert von der Geschichte und Tradition des Texas BBQ erschaffen wir aus fast jedem St\u00fcck Fleisch und Fisch ein Highlight.<\/p>\n\n\n\n<p><strong>BBQ by Wyler-Family erarbeitet seit jeher mit viel Freude und Motivation alle Rezepte selber und setzt auch bei den Smokern ausschlie\u00dflich auf passgenaue und innovative Einzelanfertigungen der SWM Metallbautechnik AG.<\/strong><\/p>\n\n\n\n<p><\/p>\n","protected":false},"excerpt":{"rendered":"<p>Low &amp; Slow Low &amp; Slow heisst das Geheimnis hinter dem originalen Texas BBQ. Zur Zeit der Sklaverei in Amerika konnten&nbsp;die Sklaven und Unterschichtb\u00fcrger sich nichts leisten. Doch auch sie hatten das Bed\u00fcrfnis spezielle Anl\u00e4sse mit einem kulinarischen H\u00f6hepunkt zu umrahmen. So begann die Smokertradition, indem sie das billigste Fleisch in selbst gebauten Smokern aus &hellip; <\/p>\n<p class=\"link-more\"><a href=\"https:\/\/bbq-wyler.ch\/\" class=\"more-link\">Mehr <span class=\"screen-reader-text\">\u00fcber &#8222;Low &#038; Slow&#8220; <\/span>Lesen<\/a><\/p>\n","protected":false},"author":1,"featured_media":0,"parent":0,"menu_order":0,"comment_status":"closed","ping_status":"closed","template":"","meta":{"inspiro_hide_title":false,"footnotes":""},"class_list":["post-18","page","type-page","status-publish","hentry"],"aioseo_notices":[],"_links":{"self":[{"href":"https:\/\/bbq-wyler.ch\/index.php\/wp-json\/wp\/v2\/pages\/18","targetHints":{"allow":["GET"]}}],"collection":[{"href":"https:\/\/bbq-wyler.ch\/index.php\/wp-json\/wp\/v2\/pages"}],"about":[{"href":"https:\/\/bbq-wyler.ch\/index.php\/wp-json\/wp\/v2\/types\/page"}],"author":[{"embeddable":true,"href":"https:\/\/bbq-wyler.ch\/index.php\/wp-json\/wp\/v2\/users\/1"}],"replies":[{"embeddable":true,"href":"https:\/\/bbq-wyler.ch\/index.php\/wp-json\/wp\/v2\/comments?post=18"}],"version-history":[{"count":19,"href":"https:\/\/bbq-wyler.ch\/index.php\/wp-json\/wp\/v2\/pages\/18\/revisions"}],"predecessor-version":[{"id":864,"href":"https:\/\/bbq-wyler.ch\/index.php\/wp-json\/wp\/v2\/pages\/18\/revisions\/864"}],"wp:attachment":[{"href":"https:\/\/bbq-wyler.ch\/index.php\/wp-json\/wp\/v2\/media?parent=18"}],"curies":[{"name":"wp","href":"https:\/\/api.w.org\/{rel}","templated":true}]}}